{"id":9,"date":"2018-09-09T00:52:10","date_gmt":"2018-09-09T00:52:10","guid":{"rendered":"http:\/\/www.fmmontesinos.com\/?page_id=9"},"modified":"2023-09-10T08:26:38","modified_gmt":"2023-09-10T08:26:38","slug":"servicios","status":"publish","type":"page","link":"https:\/\/www.fmmontesinos.com\/?page_id=9","title":{"rendered":"Servicios"},"content":{"rendered":"<p style=\"text-align: justify;\">Mi \u00e1mbito de actuaci\u00f3n presencial es la Regi\u00f3n de Murcia y alrededores (Alicante, Almer\u00eda y Albacete).<!--more--><\/p>\n<p style=\"text-align: justify;\">Ofrezco principalmente servicios relacionados con la gesti\u00f3n de la seguridad y salud en obras de construcci\u00f3n:<\/p>\n<ul style=\"text-align: justify;\">\n<li>Coordinaci\u00f3n de seguridad y salud de obras<\/li>\n<li>Redacci\u00f3n de estudios y planes de seguridad y salud<\/li>\n<li>Asesoramiento en materia de seguridad y salud a empresas<\/li>\n<li>Formaci\u00f3n en seguridad y salud laboral<\/li>\n<li>Informes periciales sobre accidentes laborales<\/li>\n<\/ul>\n<p>Adicionalmente, tambi\u00e9n ofrezco servicios generales de arquitectura t\u00e9cnica:<\/p>\n<ul>\n<li>Proyectos y memorias t\u00e9cnicas para ejecuci\u00f3n de obras<\/li>\n<li>Direcci\u00f3n de obras<\/li>\n<li>Trabajos t\u00e9cnicos para catastro, registro y notar\u00edas<\/li>\n<li>Tasaciones inmobiliarias<\/li>\n<li>Informes periciales de edificaciones<\/li>\n<li>Certificados de eficiencia energ\u00e9tica<\/li>\n<\/ul>\n<p style=\"text-align: justify;\">\nNo dudes en pedirme presupuesto, sin compromiso, a trav\u00e9s del siguiente <a href=\"http:\/\/www.fmmontesinos.com\/?page_id=13\"><span style=\"color: #000080;\">formulario<\/span><\/a>.<\/p>\n","protected":false},"excerpt":{"rendered":"<p>Mi \u00e1mbito de actuaci\u00f3n presencial es la Regi\u00f3n de Murcia y alrededores (Alicante, Almer\u00eda y Albacete).<\/p>\n","protected":false},"author":1,"featured_media":0,"parent":0,"menu_order":0,"comment_status":"closed","ping_status":"closed","template":"","meta":{"footnotes":""},"class_list":["post-9","page","type-page","status-publish","hentry"],"_links":{"self":[{"href":"https:\/\/www.fmmontesinos.com\/index.php?rest_route=\/wp\/v2\/pages\/9","targetHints":{"allow":["GET"]}}],"collection":[{"href":"https:\/\/www.fmmontesinos.com\/index.php?rest_route=\/wp\/v2\/pages"}],"about":[{"href":"https:\/\/www.fmmontesinos.com\/index.php?rest_route=\/wp\/v2\/types\/page"}],"author":[{"embeddable":true,"href":"https:\/\/www.fmmontesinos.com\/index.php?rest_route=\/wp\/v2\/users\/1"}],"replies":[{"embeddable":true,"href":"https:\/\/www.fmmontesinos.com\/index.php?rest_route=%2Fwp%2Fv2%2Fcomments&post=9"}],"version-history":[{"count":11,"href":"https:\/\/www.fmmontesinos.com\/index.php?rest_route=\/wp\/v2\/pages\/9\/revisions"}],"predecessor-version":[{"id":1220,"href":"https:\/\/www.fmmontesinos.com\/index.php?rest_route=\/wp\/v2\/pages\/9\/revisions\/1220"}],"wp:attachment":[{"href":"https:\/\/www.fmmontesinos.com\/index.php?rest_route=%2Fwp%2Fv2%2Fmedia&parent=9"}],"curies":[{"name":"wp","href":"https:\/\/api.w.org\/{rel}","templated":true}]}}