{"id":88,"date":"2018-09-09T14:53:32","date_gmt":"2018-09-09T14:53:32","guid":{"rendered":"http:\/\/www.fmmontesinos.com\/?page_id=88"},"modified":"2019-12-03T15:59:20","modified_gmt":"2019-12-03T15:59:20","slug":"libro-la-figura-del-css-durante-la-ejecucion-de-la-obra-en-espana","status":"publish","type":"page","link":"https:\/\/www.fmmontesinos.com\/?page_id=88","title":{"rendered":"Libro sobre la figura del CSS"},"content":{"rendered":"<div id=\"primary\" class=\"content-area\">\n<article id=\"post-832\" class=\"post-832 page type-page status-publish hentry\">\n<div class=\"entry-content\">\n<p style=\"text-align: justify;\">Soy autor de una monograf\u00eda dedicada a la figura del Coordinador de Seguridad y Salud, <!--more--> que puede resultar de inter\u00e9s a estudiantes y a profesionales. Se titula <strong>\u201cLa figura del Coordinador de Seguridad y Salud durante la ejecuci\u00f3n de la obra en Espa\u00f1a\u201d.<\/strong><\/p>\n<p style=\"text-align: justify;\"><img loading=\"lazy\" decoding=\"async\" class=\"wp-image-828 aligncenter\" src=\"https:\/\/seguridadconstruccion.files.wordpress.com\/2017\/12\/9788494763960_1.jpg?w=400&amp;h=480\" sizes=\"auto, (max-width: 400px) 100vw, 400px\" srcset=\"https:\/\/seguridadconstruccion.files.wordpress.com\/2017\/12\/9788494763960_1.jpg?w=400&amp;h=480 400w, https:\/\/seguridadconstruccion.files.wordpress.com\/2017\/12\/9788494763960_1.jpg?w=125&amp;h=150 125w, https:\/\/seguridadconstruccion.files.wordpress.com\/2017\/12\/9788494763960_1.jpg?w=250&amp;h=300 250w, https:\/\/seguridadconstruccion.files.wordpress.com\/2017\/12\/9788494763960_1.jpg 709w\" alt=\"\" width=\"400\" height=\"480\" data-attachment-id=\"828\" data-permalink=\"https:\/\/seguridadconstruccion.wordpress.com\/2017\/12\/23\/libro-la-figura-del-coordinador-de-seguridad-y-salud-durante-la-ejecucion-de-la-obra-en-espana\/portada_martinez-montesinos_coordinador-espana-indd\/\" data-orig-file=\"https:\/\/seguridadconstruccion.files.wordpress.com\/2017\/12\/9788494763960_1.jpg?w=400&amp;h=480\" data-orig-size=\"709,850\" data-comments-opened=\"1\" data-image-meta=\"{&quot;aperture&quot;:&quot;0&quot;,&quot;credit&quot;:&quot;&quot;,&quot;camera&quot;:&quot;&quot;,&quot;caption&quot;:&quot;&quot;,&quot;created_timestamp&quot;:&quot;0&quot;,&quot;copyright&quot;:&quot;&quot;,&quot;focal_length&quot;:&quot;0&quot;,&quot;iso&quot;:&quot;0&quot;,&quot;shutter_speed&quot;:&quot;0&quot;,&quot;title&quot;:&quot;portada_Martinez Montesinos_Coordinador...Espa\\u00f1a.indd&quot;,&quot;orientation&quot;:&quot;1&quot;}\" data-image-title=\"portada_Martinez Montesinos_Coordinador\u2026Espa\u00f1a.indd\" data-image-description=\"\" data-medium-file=\"https:\/\/seguridadconstruccion.files.wordpress.com\/2017\/12\/9788494763960_1.jpg?w=400&amp;h=480?w=250\" data-large-file=\"https:\/\/seguridadconstruccion.files.wordpress.com\/2017\/12\/9788494763960_1.jpg?w=400&amp;h=480?w=656\" \/><\/p>\n<p style=\"text-align: justify;\">Esta obra est\u00e1 dirigida a todo aquel que desee profundizar en el conocimiento de la figura del Coordinador de Seguridad y Salud, ya que en ella se realiza un completo an\u00e1lisis de dicha figura desde distintas \u00f3pticas. Especialmente relevante es el cap\u00edtulo dedicado a las responsabilidades, en el que se realiza un estudio sobre una muestra de 50 sentencias penales.<\/p>\n<p style=\"text-align: justify;\"><strong>Rese\u00f1a:<br \/>\n<\/strong><em>La figura del Coordinador de Seguridad y Salud durante la ejecuci\u00f3n de la obra, desde su aparici\u00f3n en Espa\u00f1a con la publicaci\u00f3n del Real Decreto 1627\/1997, no ha estado exenta de pol\u00e9mica. Existe una problem\u00e1tica en torno a esta figura, que a\u00fan hoy, 20 a\u00f1os despu\u00e9s, contin\u00faa vigente. El concepto de t\u00e9cnico competente para desempe\u00f1ar esta labor, sus obligaciones recogidas en el art\u00edculo 9 del citado Real Decreto 1627\/1997, la coordinaci\u00f3n de obras sin proyecto o las responsabilidades que asume el Coordinador, son cuestiones que no terminan de tener la claridad y la concreci\u00f3n deseables en una actividad tan importante y que cuenta ya con 20 a\u00f1os de recorrido.<\/em><\/p>\n<p style=\"text-align: justify;\"><em>En la presente monograf\u00eda se realiza un an\u00e1lisis integral de la figura del Coordinador durante la ejecuci\u00f3n de la obra. As\u00ed, se pretende mostrar en qu\u00e9 estado se encuentra en la actualidad dicha figura, profundizando en las distintas cuestiones pol\u00e9micas que la rodean, y aportando propuestas encaminadas a mejorar y dignificar esta faceta profesional.<\/em><\/p>\n<p style=\"text-align: justify;\"><em>El cap\u00edtulo dedicado a las responsabilidades incluye un an\u00e1lisis de 50 sentencias penales relevantes que afectan al Coordinador, la mayor\u00eda de ellas muy recientes, en el que se pone de manifiesto el criterio de los Tribunales, y del que se extraen interesantes conclusiones a tener en cuenta por los Coordinadores en su labor profesional.<\/em><\/p>\n<p style=\"text-align: justify;\">El libro, editado por J.Bosch, puede adquirise a trav\u00e9s del siguiente enlace, tanto en formato impreso, como digital.<\/p>\n<p style=\"text-align: justify;\"><a href=\"http:\/\/libreriabosch.com\/Shop\/Product\/Details\/34643_la-figura-del-coordinador-de-seguridad-y-salud-durante-la-ejecucion-de-la-obra-en-espana?e=1\"><span style=\"color: #000080;\">http:\/\/libreriabosch.com\/Shop\/Product\/Details\/34643_la-figura-del-coordinador-de-seguridad-y-salud-durante-la-ejecucion-de-la-obra-en-espana?e=1<\/span><\/a><\/p>\n<p style=\"text-align: justify;\">Espero que os anim\u00e9is a adquirirlo, y compart\u00e1is conmigo vuestras impresiones.<\/p>\n<\/div>\n<\/article>\n<\/div>\n","protected":false},"excerpt":{"rendered":"<p>Soy autor de una monograf\u00eda dedicada a la figura del Coordinador de Seguridad y Salud,<\/p>\n","protected":false},"author":1,"featured_media":0,"parent":0,"menu_order":0,"comment_status":"closed","ping_status":"closed","template":"","meta":{"footnotes":""},"class_list":["post-88","page","type-page","status-publish","hentry"],"_links":{"self":[{"href":"https:\/\/www.fmmontesinos.com\/index.php?rest_route=\/wp\/v2\/pages\/88","targetHints":{"allow":["GET"]}}],"collection":[{"href":"https:\/\/www.fmmontesinos.com\/index.php?rest_route=\/wp\/v2\/pages"}],"about":[{"href":"https:\/\/www.fmmontesinos.com\/index.php?rest_route=\/wp\/v2\/types\/page"}],"author":[{"embeddable":true,"href":"https:\/\/www.fmmontesinos.com\/index.php?rest_route=\/wp\/v2\/users\/1"}],"replies":[{"embeddable":true,"href":"https:\/\/www.fmmontesinos.com\/index.php?rest_route=%2Fwp%2Fv2%2Fcomments&post=88"}],"version-history":[{"count":7,"href":"https:\/\/www.fmmontesinos.com\/index.php?rest_route=\/wp\/v2\/pages\/88\/revisions"}],"predecessor-version":[{"id":765,"href":"https:\/\/www.fmmontesinos.com\/index.php?rest_route=\/wp\/v2\/pages\/88\/revisions\/765"}],"wp:attachment":[{"href":"https:\/\/www.fmmontesinos.com\/index.php?rest_route=%2Fwp%2Fv2%2Fmedia&parent=88"}],"curies":[{"name":"wp","href":"https:\/\/api.w.org\/{rel}","templated":true}]}}